{"id":17,"date":"2025-05-13T18:32:53","date_gmt":"2025-05-13T16:32:53","guid":{"rendered":"http:\/\/arokseg.cluster100.hosting.ovh.net\/?page_id=17"},"modified":"2025-05-30T18:29:56","modified_gmt":"2025-05-30T16:29:56","slug":"o-nas","status":"publish","type":"page","link":"https:\/\/aroks.eu\/index.php\/o-nas\/","title":{"rendered":"O nas"},"content":{"rendered":"\t\t<div data-elementor-type=\"wp-page\" data-elementor-id=\"17\" class=\"elementor elementor-17\" data-elementor-post-type=\"page\">\n\t\t\t\t<div class=\"elementor-element elementor-element-eb853cc e-flex e-con-boxed e-con e-parent\" data-id=\"eb853cc\" data-element_type=\"container\">\n\t\t\t\t\t<div class=\"e-con-inner\">\n\t\t<div class=\"elementor-element elementor-element-339f2fc e-grid e-con-full e-con e-child\" data-id=\"339f2fc\" data-element_type=\"container\">\n\t\t\t\t<div class=\"elementor-element elementor-element-f7a8e64 elementor-widget elementor-widget-image\" data-id=\"f7a8e64\" data-element_type=\"widget\" data-widget_type=\"image.default\">\n\t\t\t\t<div class=\"elementor-widget-container\">\n\t\t\t\t\t\t\t\t\t\t\t\t\t\t\t<img fetchpriority=\"high\" decoding=\"async\" width=\"1024\" height=\"768\" src=\"https:\/\/aroks.eu\/wp-content\/uploads\/2025\/05\/IMG_2925-1024x768.jpg\" class=\"attachment-large size-large wp-image-167\" alt=\"\" srcset=\"https:\/\/aroks.eu\/wp-content\/uploads\/2025\/05\/IMG_2925-1024x768.jpg 1024w, https:\/\/aroks.eu\/wp-content\/uploads\/2025\/05\/IMG_2925-300x225.jpg 300w, https:\/\/aroks.eu\/wp-content\/uploads\/2025\/05\/IMG_2925-768x576.jpg 768w, https:\/\/aroks.eu\/wp-content\/uploads\/2025\/05\/IMG_2925.jpg 1280w\" sizes=\"(max-width: 1024px) 100vw, 1024px\" \/>\t\t\t\t\t\t\t\t\t\t\t\t\t\t\t<\/div>\n\t\t\t\t<\/div>\n\t\t\t\t<div class=\"elementor-element elementor-element-8f7dfbe elementor-widget elementor-widget-text-editor\" data-id=\"8f7dfbe\" data-element_type=\"widget\" data-widget_type=\"text-editor.default\">\n\t\t\t\t<div class=\"elementor-widget-container\">\n\t\t\t\t\t\t\t\t\t<p class=\"\" data-start=\"202\" data-end=\"547\"><strong data-start=\"202\" data-end=\"211\">Aroks<\/strong> to firma z wieloletnim do\u015bwiadczeniem, dzia\u0142aj\u0105ca nieprzerwanie od 1997 roku. Od pocz\u0105tku naszej dzia\u0142alno\u015bci koncentrujemy si\u0119 na dostarczaniu solidnych i precyzyjnie wykonanych konstrukcji stalowych oraz us\u0142ug spawalniczych, dostosowanych do potrzeb klient\u00f3w z r\u00f3\u017cnych bran\u017c \u2013 od przemys\u0142u ci\u0119\u017ckiego, przez g\u00f3rnictwo, po budownictwo.<\/p><p class=\"\" data-start=\"549\" data-end=\"931\">Nasz\u0105 specjalno\u015bci\u0105 s\u0105 konstrukcje spawane oraz elementy dla urz\u0105dze\u0144 transportu bliskiego. Wykonujemy r\u00f3wnie\u017c szeroki zakres r\u00f3\u017cnorodnych konstrukcji stalowych \u2013 takich jak hale, wiaty, antresole, podesty czy inne konstrukcje specjalistyczne. Realizujemy projekty zar\u00f3wno na podstawie dokumentacji dostarczonej przez klienta, jak i kompleksowo \u2013 z wykonaniem projektu technicznego.<\/p><p class=\"\" data-start=\"933\" data-end=\"1119\">Zdajemy sobie spraw\u0119, \u017ce niekt\u00f3re inwestycje wymagaj\u0105 elastycznego podej\u015bcia \u2013 dlatego oferujemy r\u00f3wnie\u017c mo\u017cliwo\u015b\u0107 spawania i monta\u017cu konstrukcji bezpo\u015brednio u klienta, na placu budowy.<\/p>\t\t\t\t\t\t\t\t<\/div>\n\t\t\t\t<\/div>\n\t\t\t\t<div class=\"elementor-element elementor-element-2eb8a9e elementor-widget elementor-widget-text-editor\" data-id=\"2eb8a9e\" data-element_type=\"widget\" data-widget_type=\"text-editor.default\">\n\t\t\t\t<div class=\"elementor-widget-container\">\n\t\t\t\t\t\t\t\t\t<p class=\"\" data-start=\"1121\" data-end=\"1428\">Nasz\u0105 si\u0142\u0105 jest <strong data-start=\"1137\" data-end=\"1172\">zesp\u00f3\u0142 do\u015bwiadczonych fachowc\u00f3w<\/strong>, kt\u00f3rzy \u0142\u0105cz\u0105 wiedz\u0119 techniczn\u0105 z praktyk\u0105 i zaanga\u017cowaniem. Dzi\u0119ki ich kompetencjom oraz nowoczesnemu zapleczu technologicznemu mo\u017cemy realizowa\u0107 nawet najbardziej wymagaj\u0105ce projekty, zawsze z zachowaniem najwy\u017cszych standard\u00f3w jako\u015bci i bezpiecze\u0144stwa.<\/p><p class=\"\" data-start=\"1430\" data-end=\"1822\">W naszej dzia\u0142alno\u015bci kierujemy si\u0119 <strong data-start=\"1466\" data-end=\"1564\">warto\u015bciami takimi jak rzetelno\u015b\u0107, odpowiedzialno\u015b\u0107 i dba\u0142o\u015b\u0107 o d\u0142ugofalowe relacje z klientem<\/strong>. Zale\u017cy nam, aby ka\u017cda wsp\u00f3\u0142praca by\u0142a oparta na zaufaniu, otwartej komunikacji i partnerskim podej\u015bciu. Zaufa\u0142y nam dziesi\u0105tki firm z ca\u0142ej Polski \u2013 wielu klient\u00f3w wraca do nas z kolejnymi zleceniami, co traktujemy jako najlepsz\u0105 rekomendacj\u0119 naszej pracy.<\/p><p class=\"\" data-start=\"1824\" data-end=\"1897\"><strong data-start=\"1824\" data-end=\"1897\">Aroks \u2013 \u0142\u0105czymy do\u015bwiadczenie z solidno\u015bci\u0105 i partnerskim podej\u015bciem.<\/strong><\/p>\t\t\t\t\t\t\t\t<\/div>\n\t\t\t\t<\/div>\n\t\t\t\t<div class=\"elementor-element elementor-element-878b1ac elementor-widget elementor-widget-image\" data-id=\"878b1ac\" data-element_type=\"widget\" data-widget_type=\"image.default\">\n\t\t\t\t<div class=\"elementor-widget-container\">\n\t\t\t\t\t\t\t\t\t\t\t\t\t\t\t<img decoding=\"async\" width=\"1024\" height=\"768\" src=\"https:\/\/aroks.eu\/wp-content\/uploads\/2025\/05\/Zdjecie-WhatsApp-2025-03-28-o-12.59.46_38432a81-1024x768.jpg\" class=\"attachment-large size-large wp-image-169\" alt=\"\" srcset=\"https:\/\/aroks.eu\/wp-content\/uploads\/2025\/05\/Zdjecie-WhatsApp-2025-03-28-o-12.59.46_38432a81-1024x768.jpg 1024w, https:\/\/aroks.eu\/wp-content\/uploads\/2025\/05\/Zdjecie-WhatsApp-2025-03-28-o-12.59.46_38432a81-300x225.jpg 300w, https:\/\/aroks.eu\/wp-content\/uploads\/2025\/05\/Zdjecie-WhatsApp-2025-03-28-o-12.59.46_38432a81-768x576.jpg 768w, https:\/\/aroks.eu\/wp-content\/uploads\/2025\/05\/Zdjecie-WhatsApp-2025-03-28-o-12.59.46_38432a81-1536x1152.jpg 1536w, https:\/\/aroks.eu\/wp-content\/uploads\/2025\/05\/Zdjecie-WhatsApp-2025-03-28-o-12.59.46_38432a81.jpg 2000w\" sizes=\"(max-width: 1024px) 100vw, 1024px\" \/>\t\t\t\t\t\t\t\t\t\t\t\t\t\t\t<\/div>\n\t\t\t\t<\/div>\n\t\t\t\t<\/div>\n\t\t\t\t\t<\/div>\n\t\t\t\t<\/div>\n\t\t<div class=\"elementor-element elementor-element-2aad4d6 e-flex e-con-boxed e-con e-parent\" data-id=\"2aad4d6\" data-element_type=\"container\">\n\t\t\t\t\t<div class=\"e-con-inner\">\n\t\t<div class=\"elementor-element elementor-element-093c42f e-con-full e-flex e-con e-child\" data-id=\"093c42f\" data-element_type=\"container\">\n\t\t\t\t<div class=\"elementor-element elementor-element-2c113c1 elementor-widget elementor-widget-text-editor\" data-id=\"2c113c1\" data-element_type=\"widget\" data-widget_type=\"text-editor.default\">\n\t\t\t\t<div class=\"elementor-widget-container\">\n\t\t\t\t\t\t\t\t\t<p class=\"\" data-start=\"207\" data-end=\"230\"><strong data-start=\"207\" data-end=\"230\">Certyfikaty jako\u015bci<\/strong><\/p><p class=\"\" data-start=\"232\" data-end=\"267\">Nasza firma spe\u0142nia wymagania norm:<\/p><ul data-start=\"269\" data-end=\"469\"><li class=\"\" data-start=\"269\" data-end=\"365\"><p class=\"\" data-start=\"271\" data-end=\"365\"><strong data-start=\"271\" data-end=\"291\">PN-EN ISO 3834-2<\/strong> \u2013 kompleksowe wymagania jako\u015bci dotycz\u0105ce spawania materia\u0142\u00f3w metalowych,<\/p><\/li><li class=\"\" data-start=\"366\" data-end=\"469\"><p class=\"\" data-start=\"368\" data-end=\"469\"><strong data-start=\"368\" data-end=\"381\">EN 1090-1<\/strong> \u2013 wykonanie konstrukcji stalowych i aluminiowych, zgodnie z wymaganiami oznakowania CE.<\/p><\/li><\/ul><p class=\"\" data-start=\"471\" data-end=\"550\">Posiadamy odpowiednie certyfikaty wydane przez jednostk\u0119 certyfikuj\u0105c\u0105 <strong data-start=\"542\" data-end=\"549\">T\u00dcV<\/strong><\/p>\t\t\t\t\t\t\t\t<\/div>\n\t\t\t\t<\/div>\n\t\t\t\t<\/div>\n\t\t<div class=\"elementor-element elementor-element-ffc4b3b e-con-full e-flex e-con e-child\" data-id=\"ffc4b3b\" data-element_type=\"container\">\n\t\t\t\t<div class=\"elementor-element elementor-element-ef23127 elementor-widget elementor-widget-image\" data-id=\"ef23127\" data-element_type=\"widget\" data-widget_type=\"image.default\">\n\t\t\t\t<div class=\"elementor-widget-container\">\n\t\t\t\t\t\t\t\t\t\t\t\t\t\t\t\t<a href=\"https:\/\/aroks.eu\/index.php\/certyfikaty\/\">\n\t\t\t\t\t\t\t<img decoding=\"async\" width=\"300\" height=\"294\" src=\"https:\/\/aroks.eu\/wp-content\/uploads\/2025\/05\/EN-1090-1-EN-ISO-3834-2-300x294.jpg\" class=\"attachment-medium size-medium wp-image-129\" alt=\"\" srcset=\"https:\/\/aroks.eu\/wp-content\/uploads\/2025\/05\/EN-1090-1-EN-ISO-3834-2-300x294.jpg 300w, https:\/\/aroks.eu\/wp-content\/uploads\/2025\/05\/EN-1090-1-EN-ISO-3834-2.jpg 465w\" sizes=\"(max-width: 300px) 100vw, 300px\" \/>\t\t\t\t\t\t\t\t<\/a>\n\t\t\t\t\t\t\t\t\t\t\t\t\t\t\t<\/div>\n\t\t\t\t<\/div>\n\t\t\t\t<\/div>\n\t\t\t\t\t<\/div>\n\t\t\t\t<\/div>\n\t\t<div class=\"elementor-element elementor-element-a9fdc4c e-flex e-con-boxed e-con e-parent\" data-id=\"a9fdc4c\" data-element_type=\"container\">\n\t\t\t\t\t<div class=\"e-con-inner\">\n\t\t<div class=\"elementor-element elementor-element-ef4a327 e-con-full e-flex e-con e-child\" data-id=\"ef4a327\" data-element_type=\"container\">\n\t\t\t\t<div class=\"elementor-element elementor-element-c7e88ef elementor-shape-circle elementor-grid-0 e-grid-align-center elementor-widget elementor-widget-social-icons\" data-id=\"c7e88ef\" data-element_type=\"widget\" data-widget_type=\"social-icons.default\">\n\t\t\t\t<div class=\"elementor-widget-container\">\n\t\t\t\t\t\t\t<div class=\"elementor-social-icons-wrapper elementor-grid\" role=\"list\">\n\t\t\t\t\t\t\t<span class=\"elementor-grid-item\" role=\"listitem\">\n\t\t\t\t\t<a class=\"elementor-icon elementor-social-icon elementor-social-icon-facebook elementor-repeater-item-06fa0c3\" target=\"_blank\">\n\t\t\t\t\t\t<span class=\"elementor-screen-only\">Facebook<\/span>\n\t\t\t\t\t\t<svg class=\"e-font-icon-svg e-fab-facebook\" viewBox=\"0 0 512 512\" xmlns=\"http:\/\/www.w3.org\/2000\/svg\"><path d=\"M504 256C504 119 393 8 256 8S8 119 8 256c0 123.78 90.69 226.38 209.25 245V327.69h-63V256h63v-54.64c0-62.15 37-96.48 93.67-96.48 27.14 0 55.52 4.84 55.52 4.84v61h-31.28c-30.8 0-40.41 19.12-40.41 38.73V256h68.78l-11 71.69h-57.78V501C413.31 482.38 504 379.78 504 256z\"><\/path><\/svg>\t\t\t\t\t<\/a>\n\t\t\t\t<\/span>\n\t\t\t\t\t\t\t<span class=\"elementor-grid-item\" role=\"listitem\">\n\t\t\t\t\t<a class=\"elementor-icon elementor-social-icon elementor-social-icon-youtube elementor-repeater-item-41a18bf\" href=\"https:\/\/youtube.com\/@arokszurawiki884?si=PnczZHeFhms1UJ-d\" target=\"_blank\">\n\t\t\t\t\t\t<span class=\"elementor-screen-only\">Youtube<\/span>\n\t\t\t\t\t\t<svg class=\"e-font-icon-svg e-fab-youtube\" viewBox=\"0 0 576 512\" xmlns=\"http:\/\/www.w3.org\/2000\/svg\"><path d=\"M549.655 124.083c-6.281-23.65-24.787-42.276-48.284-48.597C458.781 64 288 64 288 64S117.22 64 74.629 75.486c-23.497 6.322-42.003 24.947-48.284 48.597-11.412 42.867-11.412 132.305-11.412 132.305s0 89.438 11.412 132.305c6.281 23.65 24.787 41.5 48.284 47.821C117.22 448 288 448 288 448s170.78 0 213.371-11.486c23.497-6.321 42.003-24.171 48.284-47.821 11.412-42.867 11.412-132.305 11.412-132.305s0-89.438-11.412-132.305zm-317.51 213.508V175.185l142.739 81.205-142.739 81.201z\"><\/path><\/svg>\t\t\t\t\t<\/a>\n\t\t\t\t<\/span>\n\t\t\t\t\t\t\t<span class=\"elementor-grid-item\" role=\"listitem\">\n\t\t\t\t\t<a class=\"elementor-icon elementor-social-icon elementor-social-icon-wordpress elementor-repeater-item-6ba4e43\" target=\"_blank\">\n\t\t\t\t\t\t<span class=\"elementor-screen-only\">WordPress<\/span>\n\t\t\t\t\t\t<svg class=\"e-font-icon-svg e-fab-wordpress\" viewBox=\"0 0 512 512\" xmlns=\"http:\/\/www.w3.org\/2000\/svg\"><path d=\"M61.7 169.4l101.5 278C92.2 413 43.3 340.2 43.3 256c0-30.9 6.6-60.1 18.4-86.6zm337.9 75.9c0-26.3-9.4-44.5-17.5-58.7-10.8-17.5-20.9-32.4-20.9-49.9 0-19.6 14.8-37.8 35.7-37.8.9 0 1.8.1 2.8.2-37.9-34.7-88.3-55.9-143.7-55.9-74.3 0-139.7 38.1-177.8 95.9 5 .2 9.7.3 13.7.3 22.2 0 56.7-2.7 56.7-2.7 11.5-.7 12.8 16.2 1.4 17.5 0 0-11.5 1.3-24.3 2l77.5 230.4L249.8 247l-33.1-90.8c-11.5-.7-22.3-2-22.3-2-11.5-.7-10.1-18.2 1.3-17.5 0 0 35.1 2.7 56 2.7 22.2 0 56.7-2.7 56.7-2.7 11.5-.7 12.8 16.2 1.4 17.5 0 0-11.5 1.3-24.3 2l76.9 228.7 21.2-70.9c9-29.4 16-50.5 16-68.7zm-139.9 29.3l-63.8 185.5c19.1 5.6 39.2 8.7 60.1 8.7 24.8 0 48.5-4.3 70.6-12.1-.6-.9-1.1-1.9-1.5-2.9l-65.4-179.2zm183-120.7c.9 6.8 1.4 14 1.4 21.9 0 21.6-4 45.8-16.2 76.2l-65 187.9C426.2 403 468.7 334.5 468.7 256c0-37-9.4-71.8-26-102.1zM504 256c0 136.8-111.3 248-248 248C119.2 504 8 392.7 8 256 8 119.2 119.2 8 256 8c136.7 0 248 111.2 248 248zm-11.4 0c0-130.5-106.2-236.6-236.6-236.6C125.5 19.4 19.4 125.5 19.4 256S125.6 492.6 256 492.6c130.5 0 236.6-106.1 236.6-236.6z\"><\/path><\/svg>\t\t\t\t\t<\/a>\n\t\t\t\t<\/span>\n\t\t\t\t\t<\/div>\n\t\t\t\t\t\t<\/div>\n\t\t\t\t<\/div>\n\t\t\t\t<\/div>\n\t\t\t\t\t<\/div>\n\t\t\t\t<\/div>\n\t\t\t\t<\/div>\n\t\t","protected":false},"excerpt":{"rendered":"<p>Aroks to firma z wieloletnim do\u015bwiadczeniem, dzia\u0142aj\u0105ca nieprzerwanie od 1997 roku. Od pocz\u0105tku naszej dzia\u0142alno\u015bci koncentrujemy si\u0119 na dostarczaniu solidnych i precyzyjnie wykonanych konstrukcji stalowych oraz us\u0142ug spawalniczych, dostosowanych do potrzeb klient\u00f3w z r\u00f3\u017cnych bran\u017c \u2013 od przemys\u0142u ci\u0119\u017ckiego, przez g\u00f3rnictwo, po budownictwo. Nasz\u0105 specjalno\u015bci\u0105 s\u0105 konstrukcje spawane oraz elementy dla urz\u0105dze\u0144 transportu bliskiego. Wykonujemy [&hellip;]<\/p>\n","protected":false},"author":1,"featured_media":0,"parent":0,"menu_order":0,"comment_status":"closed","ping_status":"closed","template":"","meta":{"ocean_post_layout":"full-screen","ocean_both_sidebars_style":"","ocean_both_sidebars_content_width":0,"ocean_both_sidebars_sidebars_width":0,"ocean_sidebar":"","ocean_second_sidebar":"","ocean_disable_margins":"enable","ocean_add_body_class":"","ocean_shortcode_before_top_bar":"","ocean_shortcode_after_top_bar":"","ocean_shortcode_before_header":"","ocean_shortcode_after_header":"","ocean_has_shortcode":"","ocean_shortcode_after_title":"","ocean_shortcode_before_footer_widgets":"","ocean_shortcode_after_footer_widgets":"","ocean_shortcode_before_footer_bottom":"","ocean_shortcode_after_footer_bottom":"","ocean_display_top_bar":"off","ocean_display_header":"default","ocean_header_style":"","ocean_center_header_left_menu":"","ocean_custom_header_template":"","ocean_custom_logo":0,"ocean_custom_retina_logo":0,"ocean_custom_logo_max_width":0,"ocean_custom_logo_tablet_max_width":0,"ocean_custom_logo_mobile_max_width":0,"ocean_custom_logo_max_height":0,"ocean_custom_logo_tablet_max_height":0,"ocean_custom_logo_mobile_max_height":0,"ocean_header_custom_menu":"","ocean_menu_typo_font_family":"","ocean_menu_typo_font_subset":"","ocean_menu_typo_font_size":0,"ocean_menu_typo_font_size_tablet":0,"ocean_menu_typo_font_size_mobile":0,"ocean_menu_typo_font_size_unit":"px","ocean_menu_typo_font_weight":"","ocean_menu_typo_font_weight_tablet":"","ocean_menu_typo_font_weight_mobile":"","ocean_menu_typo_transform":"","ocean_menu_typo_transform_tablet":"","ocean_menu_typo_transform_mobile":"","ocean_menu_typo_line_height":0,"ocean_menu_typo_line_height_tablet":0,"ocean_menu_typo_line_height_mobile":0,"ocean_menu_typo_line_height_unit":"","ocean_menu_typo_spacing":0,"ocean_menu_typo_spacing_tablet":0,"ocean_menu_typo_spacing_mobile":0,"ocean_menu_typo_spacing_unit":"","ocean_menu_link_color":"","ocean_menu_link_color_hover":"","ocean_menu_link_color_active":"","ocean_menu_link_background":"","ocean_menu_link_hover_background":"","ocean_menu_link_active_background":"","ocean_menu_social_links_bg":"","ocean_menu_social_hover_links_bg":"","ocean_menu_social_links_color":"","ocean_menu_social_hover_links_color":"","ocean_disable_title":"on","ocean_disable_heading":"default","ocean_post_title":"","ocean_post_subheading":"","ocean_post_title_style":"","ocean_post_title_background_color":"","ocean_post_title_background":0,"ocean_post_title_bg_image_position":"","ocean_post_title_bg_image_attachment":"","ocean_post_title_bg_image_repeat":"","ocean_post_title_bg_image_size":"","ocean_post_title_height":0,"ocean_post_title_bg_overlay":0.5,"ocean_post_title_bg_overlay_color":"","ocean_disable_breadcrumbs":"default","ocean_breadcrumbs_color":"","ocean_breadcrumbs_separator_color":"","ocean_breadcrumbs_links_color":"","ocean_breadcrumbs_links_hover_color":"","ocean_display_footer_widgets":"off","ocean_display_footer_bottom":"off","ocean_custom_footer_template":"","footnotes":""},"class_list":["post-17","page","type-page","status-publish","hentry","entry"],"_links":{"self":[{"href":"https:\/\/aroks.eu\/index.php\/wp-json\/wp\/v2\/pages\/17","targetHints":{"allow":["GET"]}}],"collection":[{"href":"https:\/\/aroks.eu\/index.php\/wp-json\/wp\/v2\/pages"}],"about":[{"href":"https:\/\/aroks.eu\/index.php\/wp-json\/wp\/v2\/types\/page"}],"author":[{"embeddable":true,"href":"https:\/\/aroks.eu\/index.php\/wp-json\/wp\/v2\/users\/1"}],"replies":[{"embeddable":true,"href":"https:\/\/aroks.eu\/index.php\/wp-json\/wp\/v2\/comments?post=17"}],"version-history":[{"count":20,"href":"https:\/\/aroks.eu\/index.php\/wp-json\/wp\/v2\/pages\/17\/revisions"}],"predecessor-version":[{"id":220,"href":"https:\/\/aroks.eu\/index.php\/wp-json\/wp\/v2\/pages\/17\/revisions\/220"}],"wp:attachment":[{"href":"https:\/\/aroks.eu\/index.php\/wp-json\/wp\/v2\/media?parent=17"}],"curies":[{"name":"wp","href":"https:\/\/api.w.org\/{rel}","templated":true}]}}